{"id":2,"date":"2023-10-18T14:28:43","date_gmt":"2023-10-18T14:28:43","guid":{"rendered":"https:\/\/web4.rkinformatika.net\/fontaneriaunzueta\/?page_id=2"},"modified":"2024-06-10T16:04:51","modified_gmt":"2024-06-10T16:04:51","slug":"inicio","status":"publish","type":"page","link":"https:\/\/fontaneriaunzueta.com\/eus\/","title":{"rendered":"Hasiera"},"content":{"rendered":"<div data-elementor-type=\"wp-page\" data-elementor-id=\"2\" class=\"elementor elementor-2\" data-elementor-post-type=\"page\">\n\t\t\t\t<div class=\"elementor-element elementor-element-88e8318 e-con-full e-flex e-con e-parent\" data-id=\"88e8318\" data-element_type=\"container\" data-e-type=\"container\" data-settings=\"{&quot;background_background&quot;:&quot;classic&quot;}\">\n\t\t\t\t<div class=\"elementor-element elementor-element-e50eee2 elementor-widget__width-initial elementor--h-position-center elementor--v-position-middle elementor-pagination-position-inside elementor-widget elementor-widget-slides\" data-id=\"e50eee2\" data-element_type=\"widget\" data-e-type=\"widget\" data-settings=\"{&quot;navigation&quot;:&quot;dots&quot;,&quot;transition_speed&quot;:1000,&quot;autoplay&quot;:&quot;yes&quot;,&quot;pause_on_interaction&quot;:&quot;yes&quot;,&quot;autoplay_speed&quot;:5000,&quot;infinite&quot;:&quot;yes&quot;,&quot;transition&quot;:&quot;slide&quot;}\" data-widget_type=\"slides.default\">\n\t\t\t\t<div class=\"elementor-widget-container\">\n\t\t\t\t\t\t\t\t\t<div class=\"elementor-swiper\">\n\t\t\t\t\t<div class=\"elementor-slides-wrapper elementor-main-swiper swiper\" role=\"region\" aria-roledescription=\"carousel\" aria-label=\"Slides\" dir=\"ltr\" data-animation=\"fadeInUp\">\n\t\t\t\t<div class=\"swiper-wrapper elementor-slides\">\n\t\t\t\t\t\t\t\t\t\t<div class=\"elementor-repeater-item-c9e8072 swiper-slide\" role=\"group\" aria-roledescription=\"slide\"><div class=\"swiper-slide-bg\" role=\"img\" aria-label=\"Kitchen with gray kitchen unit\"><\/div><div class=\"elementor-background-overlay\"><\/div><div class=\"swiper-slide-inner\" ><div class=\"swiper-slide-contents\"><h1 class=\"elementor-slide-heading\">M\u00c1S DE 2 D\u00c9CADAS<br>REALIZANDO REFORMAS<\/h1><div class=\"elementor-slide-description\">Nuestra trayectoria y experiencia son la mejor garant\u00eda de calidad.<\/div><\/div><\/div><\/div><div class=\"elementor-repeater-item-bcd339a swiper-slide\" role=\"group\" aria-roledescription=\"slide\"><div class=\"swiper-slide-bg\" role=\"img\" aria-label=\"Drink tap on fridge in kitchen\"><\/div><div class=\"elementor-background-overlay\"><\/div><div class=\"swiper-slide-inner\" ><div class=\"swiper-slide-contents\"><h1 class=\"elementor-slide-heading\">REFORMAS DE COCINAS<\/h1><div class=\"elementor-slide-description\">Te ofrecemos el mejor servicio de instalaci\u00f3n y reforma.<\/div><\/div><\/div><\/div><div class=\"elementor-repeater-item-f94fe31 swiper-slide\" role=\"group\" aria-roledescription=\"slide\"><div class=\"swiper-slide-bg\" role=\"img\" aria-label=\"Sink and mirror in modern bathroom\"><\/div><div class=\"elementor-background-overlay\"><\/div><div class=\"swiper-slide-inner\" ><div class=\"swiper-slide-contents\"><h1 class=\"elementor-slide-heading\">BAINUEN BERRIKUNTZA<\/h1><div class=\"elementor-slide-description\">Bainuontziak dutxako platerekin aldatzen ditugu,<br>eta mugikortasun urriko pertsonentzako espazioak<br>egokitzeko lanak egiten ditugu.<\/div><\/div><\/div><\/div>\t\t\t\t<\/div>\n\t\t\t\t\t\t\t\t\t\t\t\t\t\t\t\t\t\t\t\t<div class=\"swiper-pagination\"><\/div>\n\t\t\t\t\t\t\t\t\t\t\t\t<\/div>\n\t\t\t\t<\/div>\n\t\t\t\t\t\t\t\t<\/div>\n\t\t\t\t<\/div>\n\t\t\t\t<\/div>\n\t\t\t\t<section class=\"elementor-section elementor-top-section elementor-element elementor-element-280e21c8 elementor-section-boxed elementor-section-height-default elementor-section-height-default\" data-id=\"280e21c8\" data-element_type=\"section\" data-e-type=\"section\">\n\t\t\t\t\t\t<div class=\"elementor-container elementor-column-gap-default\">\n\t\t\t\t\t<div class=\"elementor-column elementor-col-50 elementor-top-column elementor-element elementor-element-74a086f0 elementor-hidden-mobile\" data-id=\"74a086f0\" data-element_type=\"column\" data-e-type=\"column\" data-settings=\"{&quot;animation_tablet&quot;:&quot;zoomIn&quot;}\">\n\t\t\t<div class=\"elementor-widget-wrap elementor-element-populated\">\n\t\t\t\t\t\t<div class=\"elementor-element elementor-element-4f23cb40 elementor-widget__width-initial elementor-invisible elementor-widget elementor-widget-counter\" data-id=\"4f23cb40\" data-element_type=\"widget\" data-e-type=\"widget\" data-settings=\"{&quot;_animation&quot;:&quot;fadeInRight&quot;}\" data-widget_type=\"counter.default\">\n\t\t\t\t<div class=\"elementor-widget-container\">\n\t\t\t\t\t\t\t<div class=\"elementor-counter\">\n\t\t\t<div class=\"elementor-counter-title\">Profesionaltasuna<\/div>\t\t\t<div class=\"elementor-counter-number-wrapper\">\n\t\t\t\t<span class=\"elementor-counter-number-prefix\"><\/span>\n\t\t\t\t<span class=\"elementor-counter-number\" data-duration=\"2000\" data-to-value=\"100\" data-from-value=\"0\" data-delimiter=\",\">0<\/span>\n\t\t\t\t<span class=\"elementor-counter-number-suffix\">%<\/span>\n\t\t\t<\/div>\n\t\t<\/div>\n\t\t\t\t\t\t<\/div>\n\t\t\t\t<\/div>\n\t\t\t\t<div class=\"elementor-element elementor-element-1303b1bb elementor-invisible elementor-widget elementor-widget-image\" data-id=\"1303b1bb\" data-element_type=\"widget\" data-e-type=\"widget\" data-settings=\"{&quot;_animation&quot;:&quot;fadeInLeft&quot;}\" data-widget_type=\"image.default\">\n\t\t\t\t<div class=\"elementor-widget-container\">\n\t\t\t\t\t\t\t\t\t\t\t\t\t\t\t<img fetchpriority=\"high\" decoding=\"async\" width=\"4720\" height=\"7072\" src=\"https:\/\/fontaneriaunzueta.com\/wp-content\/uploads\/2023\/10\/man-repairing-kitchen-plumbing.jpg\" class=\"attachment-full size-full wp-image-115\" alt=\"Man repairing kitchen plumbing\" srcset=\"https:\/\/fontaneriaunzueta.com\/wp-content\/uploads\/2023\/10\/man-repairing-kitchen-plumbing.jpg 4720w, https:\/\/fontaneriaunzueta.com\/wp-content\/uploads\/2023\/10\/man-repairing-kitchen-plumbing-200x300.jpg 200w, https:\/\/fontaneriaunzueta.com\/wp-content\/uploads\/2023\/10\/man-repairing-kitchen-plumbing-683x1024.jpg 683w, https:\/\/fontaneriaunzueta.com\/wp-content\/uploads\/2023\/10\/man-repairing-kitchen-plumbing-768x1151.jpg 768w, https:\/\/fontaneriaunzueta.com\/wp-content\/uploads\/2023\/10\/man-repairing-kitchen-plumbing-1025x1536.jpg 1025w, https:\/\/fontaneriaunzueta.com\/wp-content\/uploads\/2023\/10\/man-repairing-kitchen-plumbing-1367x2048.jpg 1367w, https:\/\/fontaneriaunzueta.com\/wp-content\/uploads\/2023\/10\/man-repairing-kitchen-plumbing-8x12.jpg 8w\" sizes=\"(max-width: 4720px) 100vw, 4720px\" \/>\t\t\t\t\t\t\t\t\t\t\t\t\t\t\t<\/div>\n\t\t\t\t<\/div>\n\t\t\t\t\t<\/div>\n\t\t<\/div>\n\t\t\t\t<div class=\"elementor-column elementor-col-50 elementor-top-column elementor-element elementor-element-5cc93bd3 animated-slow elementor-invisible\" data-id=\"5cc93bd3\" data-element_type=\"column\" data-e-type=\"column\" data-settings=\"{&quot;animation&quot;:&quot;zoomIn&quot;,&quot;animation_tablet&quot;:&quot;fadeInRight&quot;,&quot;animation_mobile&quot;:&quot;fadeInRight&quot;}\">\n\t\t\t<div class=\"elementor-widget-wrap elementor-element-populated\">\n\t\t\t\t\t\t<div class=\"elementor-element elementor-element-11542890 elementor-widget-divider--view-line_text elementor-widget-divider--element-align-right elementor-widget elementor-widget-divider\" data-id=\"11542890\" data-element_type=\"widget\" data-e-type=\"widget\" data-widget_type=\"divider.default\">\n\t\t\t\t<div class=\"elementor-widget-container\">\n\t\t\t\t\t\t\t<div class=\"elementor-divider\">\n\t\t\t<span class=\"elementor-divider-separator\">\n\t\t\t\t\t\t\t<h6 class=\"elementor-divider__text elementor-divider__element\">\n\t\t\t\tGuri Buruz\t\t\t\t<\/h6>\n\t\t\t\t\t\t<\/span>\n\t\t<\/div>\n\t\t\t\t\t\t<\/div>\n\t\t\t\t<\/div>\n\t\t\t\t<div class=\"elementor-element elementor-element-47d94eb8 elementor-widget elementor-widget-heading\" data-id=\"47d94eb8\" data-element_type=\"widget\" data-e-type=\"widget\" data-widget_type=\"heading.default\">\n\t\t\t\t<div class=\"elementor-widget-container\">\n\t\t\t\t\t<h2 class=\"elementor-heading-title elementor-size-default\">Iturgintza Unzueta Durangon (Bizkaia) jaio zen duela bi hamarkada baino gehiago, Javier Unzuetaren eskutik. Gaur egun ere kalitatezko zerbitzua eskaintzen du, hornitzaile onenekin lan egiten du eta profesionaltasuna du ezaugarri.<\/h2>\t\t\t\t<\/div>\n\t\t\t\t<\/div>\n\t\t\t\t<div class=\"elementor-element elementor-element-25205aee elementor-widget elementor-widget-text-editor\" data-id=\"25205aee\" data-element_type=\"widget\" data-e-type=\"widget\" data-widget_type=\"text-editor.default\">\n\t\t\t\t<div class=\"elementor-widget-container\">\n\t\t\t\t\t\t\t\t\t<p><span style=\"font-family: Garuda;\">Gaur egun, Fontaner\u00eda Unzuetatik durangaldean egiten dugu lan, etxeetan, <b>saltokietan eta enpresetan obrak eta eraberritze-lanak eginez.<\/b>Gure lana egiteko balio nagusiak <b>hauek dira: puntualtasuna epeetan,<\/b> seriotasuna, materialen eta akaberen kalitatea, <b>bezeroarekin adostutako aurrekontuak errespetatzea.<\/b><\/span><\/p>\t\t\t\t\t\t\t\t<\/div>\n\t\t\t\t<\/div>\n\t\t\t\t<div class=\"elementor-element elementor-element-6b13327d elementor-widget elementor-widget-spacer\" data-id=\"6b13327d\" data-element_type=\"widget\" data-e-type=\"widget\" data-widget_type=\"spacer.default\">\n\t\t\t\t<div class=\"elementor-widget-container\">\n\t\t\t\t\t\t\t<div class=\"elementor-spacer\">\n\t\t\t<div class=\"elementor-spacer-inner\"><\/div>\n\t\t<\/div>\n\t\t\t\t\t\t<\/div>\n\t\t\t\t<\/div>\n\t\t\t\t\t<\/div>\n\t\t<\/div>\n\t\t\t\t\t<\/div>\n\t\t<\/section>\n\t\t<div class=\"elementor-element elementor-element-9154ea9 e-flex e-con-boxed e-con e-parent\" data-id=\"9154ea9\" data-element_type=\"container\" data-e-type=\"container\" data-settings=\"{&quot;background_background&quot;:&quot;classic&quot;}\">\n\t\t\t\t\t<div class=\"e-con-inner\">\n\t\t\t\t\t<\/div>\n\t\t\t\t<\/div>\n\t\t\t\t<section class=\"elementor-section elementor-top-section elementor-element elementor-element-18ca74ea elementor-section-boxed elementor-section-height-default elementor-section-height-default\" data-id=\"18ca74ea\" data-element_type=\"section\" data-e-type=\"section\">\n\t\t\t\t\t\t<div class=\"elementor-container elementor-column-gap-default\">\n\t\t\t\t\t<div class=\"elementor-column elementor-col-50 elementor-top-column elementor-element elementor-element-75165350 animated-slow elementor-invisible\" data-id=\"75165350\" data-element_type=\"column\" data-e-type=\"column\" data-settings=\"{&quot;animation&quot;:&quot;fadeInLeft&quot;,&quot;animation_tablet&quot;:&quot;fadeInLeft&quot;,&quot;animation_mobile&quot;:&quot;fadeInLeft&quot;}\">\n\t\t\t<div class=\"elementor-widget-wrap elementor-element-populated\">\n\t\t\t\t\t\t<div class=\"elementor-element elementor-element-76f281d3 elementor-widget-divider--view-line_text elementor-widget-divider--element-align-right elementor-widget elementor-widget-divider\" data-id=\"76f281d3\" data-element_type=\"widget\" data-e-type=\"widget\" data-widget_type=\"divider.default\">\n\t\t\t\t<div class=\"elementor-widget-container\">\n\t\t\t\t\t\t\t<div class=\"elementor-divider\">\n\t\t\t<span class=\"elementor-divider-separator\">\n\t\t\t\t\t\t\t<h6 class=\"elementor-divider__text elementor-divider__element\">\n\t\t\t\tZergatik aukeratu?\t\t\t\t<\/h6>\n\t\t\t\t\t\t<\/span>\n\t\t<\/div>\n\t\t\t\t\t\t<\/div>\n\t\t\t\t<\/div>\n\t\t\t\t<div class=\"elementor-element elementor-element-70fdd9b2 elementor-widget elementor-widget-heading\" data-id=\"70fdd9b2\" data-element_type=\"widget\" data-e-type=\"widget\" data-widget_type=\"heading.default\">\n\t\t\t\t<div class=\"elementor-widget-container\">\n\t\t\t\t\t<h2 class=\"elementor-heading-title elementor-size-default\">Iturgintza guztiz bukatua bermatzen dugu! <\/h2>\t\t\t\t<\/div>\n\t\t\t\t<\/div>\n\t\t\t\t<div class=\"elementor-element elementor-element-498fb9d0 elementor-widget elementor-widget-text-editor\" data-id=\"498fb9d0\" data-element_type=\"widget\" data-e-type=\"widget\" data-widget_type=\"text-editor.default\">\n\t\t\t\t<div class=\"elementor-widget-container\">\n\t\t\t\t\t\t\t\t\t<p>Egiten dugun konponketa edo eraberritze bakoitzean bezeroen gauzak geureak balira bezala zaintzen saiatzen gara. Xehetasun bakoitzari erreparatzen diogu, azken emaitza ondo ikusten dela eta behar bezala funtzionatzen duela bermatzeko. Egiten dugunarekin gure bezeroak benetan pozik egotea nahi dugu, eta, beraz, gogor lan egiten dugu lan ona egingo dugula ziurtatzeko.<\/p>\t\t\t\t\t\t\t\t<\/div>\n\t\t\t\t<\/div>\n\t\t\t\t<div class=\"elementor-element elementor-element-7838ba2b elementor-widget elementor-widget-spacer\" data-id=\"7838ba2b\" data-element_type=\"widget\" data-e-type=\"widget\" data-widget_type=\"spacer.default\">\n\t\t\t\t<div class=\"elementor-widget-container\">\n\t\t\t\t\t\t\t<div class=\"elementor-spacer\">\n\t\t\t<div class=\"elementor-spacer-inner\"><\/div>\n\t\t<\/div>\n\t\t\t\t\t\t<\/div>\n\t\t\t\t<\/div>\n\t\t\t\t\t<\/div>\n\t\t<\/div>\n\t\t\t\t<div class=\"elementor-column elementor-col-50 elementor-top-column elementor-element elementor-element-27037de animated-slow elementor-invisible\" data-id=\"27037de\" data-element_type=\"column\" data-e-type=\"column\" data-settings=\"{&quot;animation&quot;:&quot;fadeIn&quot;,&quot;animation_tablet&quot;:&quot;fadeIn&quot;,&quot;animation_mobile&quot;:&quot;fadeInUp&quot;}\">\n\t\t\t<div class=\"elementor-widget-wrap elementor-element-populated\">\n\t\t\t\t\t\t<div class=\"elementor-element elementor-element-eb2c402 elementor-widget elementor-widget-image\" data-id=\"eb2c402\" data-element_type=\"widget\" data-e-type=\"widget\" data-widget_type=\"image.default\">\n\t\t\t\t<div class=\"elementor-widget-container\">\n\t\t\t\t\t\t\t\t\t\t\t\t\t\t\t<img decoding=\"async\" width=\"800\" height=\"534\" src=\"https:\/\/fontaneriaunzueta.com\/wp-content\/uploads\/2023\/10\/close-up-of-male-plumber-repair-sink-faucet-at-kitchen-good-quality-plumbing-company-service-1024x683.jpg\" class=\"attachment-large size-large wp-image-116\" alt=\"Close up of male plumber repair sink faucet at kitchen. Good quality plumbing company service\" srcset=\"https:\/\/fontaneriaunzueta.com\/wp-content\/uploads\/2023\/10\/close-up-of-male-plumber-repair-sink-faucet-at-kitchen-good-quality-plumbing-company-service-1024x683.jpg 1024w, https:\/\/fontaneriaunzueta.com\/wp-content\/uploads\/2023\/10\/close-up-of-male-plumber-repair-sink-faucet-at-kitchen-good-quality-plumbing-company-service-300x200.jpg 300w, https:\/\/fontaneriaunzueta.com\/wp-content\/uploads\/2023\/10\/close-up-of-male-plumber-repair-sink-faucet-at-kitchen-good-quality-plumbing-company-service-768x512.jpg 768w, https:\/\/fontaneriaunzueta.com\/wp-content\/uploads\/2023\/10\/close-up-of-male-plumber-repair-sink-faucet-at-kitchen-good-quality-plumbing-company-service-1536x1024.jpg 1536w, https:\/\/fontaneriaunzueta.com\/wp-content\/uploads\/2023\/10\/close-up-of-male-plumber-repair-sink-faucet-at-kitchen-good-quality-plumbing-company-service-2048x1365.jpg 2048w, https:\/\/fontaneriaunzueta.com\/wp-content\/uploads\/2023\/10\/close-up-of-male-plumber-repair-sink-faucet-at-kitchen-good-quality-plumbing-company-service-18x12.jpg 18w\" sizes=\"(max-width: 800px) 100vw, 800px\" \/>\t\t\t\t\t\t\t\t\t\t\t\t\t\t\t<\/div>\n\t\t\t\t<\/div>\n\t\t\t\t\t<\/div>\n\t\t<\/div>\n\t\t\t\t\t<\/div>\n\t\t<\/section>\n\t\t\t\t<\/div>","protected":false},"excerpt":{"rendered":"<p>M\u00c1S DE 2 D\u00c9CADASREALIZANDO REFORMAS Nuestra trayectoria y experiencia son la mejor garant\u00eda de calidad. REFORMAS DE COCINAS Te ofrecemos el mejor servicio de instalaci\u00f3n y reforma. REFORMAS DE BA\u00d1OS Cambiamos ba\u00f1eras por platos de ducha yrealizamos trabajos de adaptaci\u00f3n de espacios parapersonas con movilidad reducida. Profesionalidad 0 % Sobre Nosotros Fontaner\u00eda Unzueta nace en [&hellip;]<\/p>\n","protected":false},"author":1,"featured_media":0,"parent":0,"menu_order":0,"comment_status":"closed","ping_status":"closed","template":"elementor_canvas","meta":{"footnotes":""},"class_list":["post-2","page","type-page","status-publish","hentry"],"yoast_head":"<!-- This site is optimized with the Yoast SEO plugin v27.5 - https:\/\/yoast.com\/product\/yoast-seo-wordpress\/ -->\n<title>Inicio - Fontaner\u00eda Unzueta<\/title>\n<meta name=\"robots\" content=\"index, follow, max-snippet:-1, max-image-preview:large, max-video-preview:-1\" \/>\n<link rel=\"canonical\" href=\"https:\/\/fontaneriaunzueta.com\/eus\/\" \/>\n<meta property=\"og:locale\" content=\"en_US\" \/>\n<meta property=\"og:type\" content=\"article\" \/>\n<meta property=\"og:title\" content=\"Inicio - Fontaner\u00eda Unzueta\" \/>\n<meta property=\"og:description\" content=\"M\u00c1S DE 2 D\u00c9CADASREALIZANDO REFORMAS Nuestra trayectoria y experiencia son la mejor garant\u00eda de calidad. REFORMAS DE COCINAS Te ofrecemos el mejor servicio de instalaci\u00f3n y reforma. REFORMAS DE BA\u00d1OS Cambiamos ba\u00f1eras por platos de ducha yrealizamos trabajos de adaptaci\u00f3n de espacios parapersonas con movilidad reducida. Profesionalidad 0 % Sobre Nosotros Fontaner\u00eda Unzueta nace en [&hellip;]\" \/>\n<meta property=\"og:url\" content=\"https:\/\/fontaneriaunzueta.com\/eus\/\" \/>\n<meta property=\"og:site_name\" content=\"Fontaner\u00eda Unzueta\" \/>\n<meta property=\"article:modified_time\" content=\"2024-06-10T16:04:51+00:00\" \/>\n<meta property=\"og:image\" content=\"https:\/\/fontaneriaunzueta.com\/wp-content\/uploads\/2023\/10\/man-repairing-kitchen-plumbing.jpg\" \/>\n<meta name=\"twitter:card\" content=\"summary_large_image\" \/>\n<meta name=\"twitter:label1\" content=\"Est. reading time\" \/>\n\t<meta name=\"twitter:data1\" content=\"1 minutua\" \/>\n<script type=\"application\/ld+json\" class=\"yoast-schema-graph\">{\"@context\":\"https:\\\/\\\/schema.org\",\"@graph\":[{\"@type\":\"WebPage\",\"@id\":\"https:\\\/\\\/fontaneriaunzueta.com\\\/\",\"url\":\"https:\\\/\\\/fontaneriaunzueta.com\\\/\",\"name\":\"Inicio - Fontaner\u00eda Unzueta\",\"isPartOf\":{\"@id\":\"https:\\\/\\\/fontaneriaunzueta.com\\\/#website\"},\"primaryImageOfPage\":{\"@id\":\"https:\\\/\\\/fontaneriaunzueta.com\\\/#primaryimage\"},\"image\":{\"@id\":\"https:\\\/\\\/fontaneriaunzueta.com\\\/#primaryimage\"},\"thumbnailUrl\":\"https:\\\/\\\/fontaneriaunzueta.com\\\/wp-content\\\/uploads\\\/2023\\\/10\\\/man-repairing-kitchen-plumbing.jpg\",\"datePublished\":\"2023-10-18T14:28:43+00:00\",\"dateModified\":\"2024-06-10T16:04:51+00:00\",\"breadcrumb\":{\"@id\":\"https:\\\/\\\/fontaneriaunzueta.com\\\/#breadcrumb\"},\"inLanguage\":\"eu\",\"potentialAction\":[{\"@type\":\"ReadAction\",\"target\":[\"https:\\\/\\\/fontaneriaunzueta.com\\\/\"]}]},{\"@type\":\"ImageObject\",\"inLanguage\":\"eu\",\"@id\":\"https:\\\/\\\/fontaneriaunzueta.com\\\/#primaryimage\",\"url\":\"https:\\\/\\\/fontaneriaunzueta.com\\\/wp-content\\\/uploads\\\/2023\\\/10\\\/man-repairing-kitchen-plumbing.jpg\",\"contentUrl\":\"https:\\\/\\\/fontaneriaunzueta.com\\\/wp-content\\\/uploads\\\/2023\\\/10\\\/man-repairing-kitchen-plumbing.jpg\"},{\"@type\":\"BreadcrumbList\",\"@id\":\"https:\\\/\\\/fontaneriaunzueta.com\\\/#breadcrumb\",\"itemListElement\":[{\"@type\":\"ListItem\",\"position\":1,\"name\":\"Portada\",\"item\":\"https:\\\/\\\/fontaneriaunzueta.com\\\/\"},{\"@type\":\"ListItem\",\"position\":2,\"name\":\"Inicio\"}]},{\"@type\":\"WebSite\",\"@id\":\"https:\\\/\\\/fontaneriaunzueta.com\\\/#website\",\"url\":\"https:\\\/\\\/fontaneriaunzueta.com\\\/\",\"name\":\"Fontaner\u00eda Unzueta\",\"description\":\"\",\"publisher\":{\"@id\":\"https:\\\/\\\/fontaneriaunzueta.com\\\/#organization\"},\"potentialAction\":[{\"@type\":\"SearchAction\",\"target\":{\"@type\":\"EntryPoint\",\"urlTemplate\":\"https:\\\/\\\/fontaneriaunzueta.com\\\/?s={search_term_string}\"},\"query-input\":{\"@type\":\"PropertyValueSpecification\",\"valueRequired\":true,\"valueName\":\"search_term_string\"}}],\"inLanguage\":\"eu\"},{\"@type\":\"Organization\",\"@id\":\"https:\\\/\\\/fontaneriaunzueta.com\\\/#organization\",\"name\":\"Fontaner\u00eda Unzueta\",\"url\":\"https:\\\/\\\/fontaneriaunzueta.com\\\/\",\"logo\":{\"@type\":\"ImageObject\",\"inLanguage\":\"eu\",\"@id\":\"https:\\\/\\\/fontaneriaunzueta.com\\\/#\\\/schema\\\/logo\\\/image\\\/\",\"url\":\"https:\\\/\\\/fontaneriaunzueta.com\\\/wp-content\\\/uploads\\\/2023\\\/10\\\/cropped-Captura-de-pantalla-de-2023-10-18-16-20-33.png\",\"contentUrl\":\"https:\\\/\\\/fontaneriaunzueta.com\\\/wp-content\\\/uploads\\\/2023\\\/10\\\/cropped-Captura-de-pantalla-de-2023-10-18-16-20-33.png\",\"width\":260,\"height\":100,\"caption\":\"Fontaner\u00eda Unzueta\"},\"image\":{\"@id\":\"https:\\\/\\\/fontaneriaunzueta.com\\\/#\\\/schema\\\/logo\\\/image\\\/\"}}]}<\/script>\n<!-- \/ Yoast SEO plugin. -->","yoast_head_json":{"title":"Inicio - Fontaner\u00eda Unzueta","robots":{"index":"index","follow":"follow","max-snippet":"max-snippet:-1","max-image-preview":"max-image-preview:large","max-video-preview":"max-video-preview:-1"},"canonical":"https:\/\/fontaneriaunzueta.com\/eus\/","og_locale":"en_US","og_type":"article","og_title":"Inicio - Fontaner\u00eda Unzueta","og_description":"M\u00c1S DE 2 D\u00c9CADASREALIZANDO REFORMAS Nuestra trayectoria y experiencia son la mejor garant\u00eda de calidad. REFORMAS DE COCINAS Te ofrecemos el mejor servicio de instalaci\u00f3n y reforma. REFORMAS DE BA\u00d1OS Cambiamos ba\u00f1eras por platos de ducha yrealizamos trabajos de adaptaci\u00f3n de espacios parapersonas con movilidad reducida. Profesionalidad 0 % Sobre Nosotros Fontaner\u00eda Unzueta nace en [&hellip;]","og_url":"https:\/\/fontaneriaunzueta.com\/eus\/","og_site_name":"Fontaner\u00eda Unzueta","article_modified_time":"2024-06-10T16:04:51+00:00","og_image":[{"url":"https:\/\/fontaneriaunzueta.com\/wp-content\/uploads\/2023\/10\/man-repairing-kitchen-plumbing.jpg","type":"","width":"","height":""}],"twitter_card":"summary_large_image","twitter_misc":{"Est. reading time":"1 minutua"},"schema":{"@context":"https:\/\/schema.org","@graph":[{"@type":"WebPage","@id":"https:\/\/fontaneriaunzueta.com\/","url":"https:\/\/fontaneriaunzueta.com\/","name":"Inicio - Fontaner\u00eda Unzueta","isPartOf":{"@id":"https:\/\/fontaneriaunzueta.com\/#website"},"primaryImageOfPage":{"@id":"https:\/\/fontaneriaunzueta.com\/#primaryimage"},"image":{"@id":"https:\/\/fontaneriaunzueta.com\/#primaryimage"},"thumbnailUrl":"https:\/\/fontaneriaunzueta.com\/wp-content\/uploads\/2023\/10\/man-repairing-kitchen-plumbing.jpg","datePublished":"2023-10-18T14:28:43+00:00","dateModified":"2024-06-10T16:04:51+00:00","breadcrumb":{"@id":"https:\/\/fontaneriaunzueta.com\/#breadcrumb"},"inLanguage":"eu","potentialAction":[{"@type":"ReadAction","target":["https:\/\/fontaneriaunzueta.com\/"]}]},{"@type":"ImageObject","inLanguage":"eu","@id":"https:\/\/fontaneriaunzueta.com\/#primaryimage","url":"https:\/\/fontaneriaunzueta.com\/wp-content\/uploads\/2023\/10\/man-repairing-kitchen-plumbing.jpg","contentUrl":"https:\/\/fontaneriaunzueta.com\/wp-content\/uploads\/2023\/10\/man-repairing-kitchen-plumbing.jpg"},{"@type":"BreadcrumbList","@id":"https:\/\/fontaneriaunzueta.com\/#breadcrumb","itemListElement":[{"@type":"ListItem","position":1,"name":"Portada","item":"https:\/\/fontaneriaunzueta.com\/"},{"@type":"ListItem","position":2,"name":"Inicio"}]},{"@type":"WebSite","@id":"https:\/\/fontaneriaunzueta.com\/#website","url":"https:\/\/fontaneriaunzueta.com\/","name":"Fontaner\u00eda Unzueta","description":"","publisher":{"@id":"https:\/\/fontaneriaunzueta.com\/#organization"},"potentialAction":[{"@type":"SearchAction","target":{"@type":"EntryPoint","urlTemplate":"https:\/\/fontaneriaunzueta.com\/?s={search_term_string}"},"query-input":{"@type":"PropertyValueSpecification","valueRequired":true,"valueName":"search_term_string"}}],"inLanguage":"eu"},{"@type":"Organization","@id":"https:\/\/fontaneriaunzueta.com\/#organization","name":"Fontaner\u00eda Unzueta","url":"https:\/\/fontaneriaunzueta.com\/","logo":{"@type":"ImageObject","inLanguage":"eu","@id":"https:\/\/fontaneriaunzueta.com\/#\/schema\/logo\/image\/","url":"https:\/\/fontaneriaunzueta.com\/wp-content\/uploads\/2023\/10\/cropped-Captura-de-pantalla-de-2023-10-18-16-20-33.png","contentUrl":"https:\/\/fontaneriaunzueta.com\/wp-content\/uploads\/2023\/10\/cropped-Captura-de-pantalla-de-2023-10-18-16-20-33.png","width":260,"height":100,"caption":"Fontaner\u00eda Unzueta"},"image":{"@id":"https:\/\/fontaneriaunzueta.com\/#\/schema\/logo\/image\/"}}]}},"_links":{"self":[{"href":"https:\/\/fontaneriaunzueta.com\/eus\/wp-json\/wp\/v2\/pages\/2","targetHints":{"allow":["GET"]}}],"collection":[{"href":"https:\/\/fontaneriaunzueta.com\/eus\/wp-json\/wp\/v2\/pages"}],"about":[{"href":"https:\/\/fontaneriaunzueta.com\/eus\/wp-json\/wp\/v2\/types\/page"}],"author":[{"embeddable":true,"href":"https:\/\/fontaneriaunzueta.com\/eus\/wp-json\/wp\/v2\/users\/1"}],"replies":[{"embeddable":true,"href":"https:\/\/fontaneriaunzueta.com\/eus\/wp-json\/wp\/v2\/comments?post=2"}],"version-history":[{"count":52,"href":"https:\/\/fontaneriaunzueta.com\/eus\/wp-json\/wp\/v2\/pages\/2\/revisions"}],"predecessor-version":[{"id":346,"href":"https:\/\/fontaneriaunzueta.com\/eus\/wp-json\/wp\/v2\/pages\/2\/revisions\/346"}],"wp:attachment":[{"href":"https:\/\/fontaneriaunzueta.com\/eus\/wp-json\/wp\/v2\/media?parent=2"}],"curies":[{"name":"wp","href":"https:\/\/api.w.org\/{rel}","templated":true}]}}